{"id":294,"date":"2026-01-28T11:50:53","date_gmt":"2026-01-28T10:50:53","guid":{"rendered":"https:\/\/waldthaler.it\/weinberg\/"},"modified":"2026-04-16T12:48:33","modified_gmt":"2026-04-16T10:48:33","slug":"weinberg","status":"publish","type":"page","link":"https:\/\/waldthaler.it\/en\/weinberg\/","title":{"rendered":"Weinberg"},"content":{"rendered":"<p class=\"Normale\" style=\"margin-bottom: 0cm; line-height: normal;\">Wenn beste Lagen, mildes Klima und fruchtbare B\u00f6den aufeinandertreffen, dann ist dieser Ort wie gemacht f\u00fcr den Weinanbau. Auer im S\u00fcden S\u00fcdtirols ist ein solcher Weinort, der uns alles bietet, was wir f\u00fcr guten Wein brauchen.<\/p>\n","protected":false},"excerpt":{"rendered":"<p>Wenn beste Lagen, mildes Klima und fruchtbare B\u00f6den aufeinandertreffen, dann ist dieser Ort wie gemacht f\u00fcr den Weinanbau. Auer im S\u00fcden S\u00fcdtirols ist ein solcher Weinort, der uns alles bietet, was wir f\u00fcr guten Wein brauchen.<\/p>\n","protected":false},"author":1,"featured_media":295,"parent":0,"menu_order":0,"comment_status":"closed","ping_status":"closed","template":"page-vineyard.php","meta":{"_acf_changed":false,"footnotes":""},"class_list":["post-294","page","type-page","status-publish","has-post-thumbnail","hentry"],"acf":[],"_links":{"self":[{"href":"https:\/\/waldthaler.it\/en\/wp-json\/wp\/v2\/pages\/294","targetHints":{"allow":["GET"]}}],"collection":[{"href":"https:\/\/waldthaler.it\/en\/wp-json\/wp\/v2\/pages"}],"about":[{"href":"https:\/\/waldthaler.it\/en\/wp-json\/wp\/v2\/types\/page"}],"author":[{"embeddable":true,"href":"https:\/\/waldthaler.it\/en\/wp-json\/wp\/v2\/users\/1"}],"replies":[{"embeddable":true,"href":"https:\/\/waldthaler.it\/en\/wp-json\/wp\/v2\/comments?post=294"}],"version-history":[{"count":12,"href":"https:\/\/waldthaler.it\/en\/wp-json\/wp\/v2\/pages\/294\/revisions"}],"predecessor-version":[{"id":441,"href":"https:\/\/waldthaler.it\/en\/wp-json\/wp\/v2\/pages\/294\/revisions\/441"}],"wp:featuredmedia":[{"embeddable":true,"href":"https:\/\/waldthaler.it\/en\/wp-json\/wp\/v2\/media\/295"}],"wp:attachment":[{"href":"https:\/\/waldthaler.it\/en\/wp-json\/wp\/v2\/media?parent=294"}],"curies":[{"name":"wp","href":"https:\/\/api.w.org\/{rel}","templated":true}]}}