{"id":267,"date":"2025-12-12T10:24:08","date_gmt":"2025-12-12T09:24:08","guid":{"rendered":"https:\/\/waldthaler.it\/home\/"},"modified":"2026-04-14T15:57:56","modified_gmt":"2026-04-14T13:57:56","slug":"home","status":"publish","type":"page","link":"https:\/\/waldthaler.it\/en\/home\/","title":{"rendered":"Home"},"content":{"rendered":"<p class=\"Normale\" style=\"margin-bottom: 0cm;\"><span lang=\"DE\">\u201eWenn ich \u00fcber Wein spreche, kann ich gar nicht anders, als auch \u00fcber meine Familie zu erz\u00e4hlen. Die Familie Waldthaler und Wein \u2013 das geh\u00f6rt zusammen. So ist es auch kein Zufall, dass unser Familienwappen bis heute unser Markenzeichen ist.\u201c<\/span><\/p>\n<p class=\"Normale\" style=\"margin-bottom: 0cm;\"><span lang=\"DE\">Lorenz Waldthaler<\/span><\/p>\n","protected":false},"excerpt":{"rendered":"<p>\u201eWenn ich \u00fcber Wein spreche, kann ich gar nicht anders, als auch \u00fcber meine Familie zu erz\u00e4hlen. Die Familie Waldthaler und Wein \u2013 das geh\u00f6rt zusammen. So ist es auch kein Zufall, dass unser Familienwappen bis heute unser Markenzeichen ist.\u201c Lorenz Waldthaler<\/p>\n","protected":false},"author":1,"featured_media":0,"parent":0,"menu_order":0,"comment_status":"closed","ping_status":"closed","template":"page-home.php","meta":{"_acf_changed":false,"footnotes":""},"class_list":["post-267","page","type-page","status-publish","hentry"],"acf":[],"_links":{"self":[{"href":"https:\/\/waldthaler.it\/en\/wp-json\/wp\/v2\/pages\/267","targetHints":{"allow":["GET"]}}],"collection":[{"href":"https:\/\/waldthaler.it\/en\/wp-json\/wp\/v2\/pages"}],"about":[{"href":"https:\/\/waldthaler.it\/en\/wp-json\/wp\/v2\/types\/page"}],"author":[{"embeddable":true,"href":"https:\/\/waldthaler.it\/en\/wp-json\/wp\/v2\/users\/1"}],"replies":[{"embeddable":true,"href":"https:\/\/waldthaler.it\/en\/wp-json\/wp\/v2\/comments?post=267"}],"version-history":[{"count":3,"href":"https:\/\/waldthaler.it\/en\/wp-json\/wp\/v2\/pages\/267\/revisions"}],"predecessor-version":[{"id":392,"href":"https:\/\/waldthaler.it\/en\/wp-json\/wp\/v2\/pages\/267\/revisions\/392"}],"wp:attachment":[{"href":"https:\/\/waldthaler.it\/en\/wp-json\/wp\/v2\/media?parent=267"}],"curies":[{"name":"wp","href":"https:\/\/api.w.org\/{rel}","templated":true}]}}